{"id":11,"date":"2024-09-25T07:33:31","date_gmt":"2024-09-25T07:33:31","guid":{"rendered":"https:\/\/elarmariodemisamigas.com\/?page_id=11"},"modified":"2024-10-16T09:09:10","modified_gmt":"2024-10-16T09:09:10","slug":"devoluciones","status":"publish","type":"page","link":"https:\/\/elarmariodemisamigas.com\/index.php\/devoluciones\/","title":{"rendered":"Devoluciones y reembolsos"},"content":{"rendered":"<p><strong>\u00bfC\u00f3mo puedo devolver un art\u00edculo?<\/strong><br \/>\nPuedes devolver tus prendas en nuestro local de Pozuelo (Camino de las Huertas, 18 1\u00aaplanta , 28223 Pozuelo de Alarc\u00f3n) o mandarnos el pedido a esta misma direcci\u00f3n.<br \/>\nEs muy importante que nos env\u00edes las prendas que quieras devolver en una caja o sobre bien cerrado y muy bien precintado para evitar que se pueda da\u00f1ar alg\u00fan art\u00edculo.<br \/>\nTodos los art\u00edculos deben de llevar la etiqueta con su c\u00f3digo correspondiente.<\/p>\n<p><strong>\u00bfCu\u00e1l es el plazo para poder realizar una devoluci\u00f3n?<\/strong><br \/>\nPuedes devolver cualquier prenda (salvo ropa interior, vestidos de fiesta, bolsos y gafas) dentro de un plazo de 14 d\u00edas desde que realizas o recibes el pedido, plazo en el que deber\u00edamos recibir el paquete con las prendas.<\/p>\n<p><strong>\u00bfC\u00f3mo tengo que devolver la prenda?<\/strong><br \/>\nLa prenda tiene que estar en las mismas condiciones de compra y con la etiqueta puesta en la prenda.<\/p>\n<p><strong>\u00bfTengo que pagar algo por mi devoluci\u00f3n?<\/strong><br \/>\nEn\u00a0el caso de que devuelvas un producto por mensajer\u00eda, deber\u00e1s abonar los gastos de env\u00edo derivados de la devoluci\u00f3n. Puedes elegir la empresa de transporte que prefieras para hacernos llegar las prendas.<br \/>\nEn el caso de env\u00edo de articulo defectuosos, nosotros nos hacemos cargo de los gastos de la devoluci\u00f3n.<\/p>\n<p><strong>\u00bfQu\u00e9 tengo que hacer si recibo un pedido incorrecto?<\/strong><\/p>\n<p>En el caso de que te enviemos un pedido con alguna prenda incorrecta o que pueda tener alg\u00fan defecto que no hayamos detectado, por favor, contacta con nosotros en <a href=\"mailto:info@elarmariodemisamigas.com\" target=\"_blank\" rel=\"noopener\">info@elarmariodemisamigas.com<\/a>\u00a0aportando toda la informaci\u00f3n posible y nos pondremos en contacto contigo con la mayor brevedad posible. Puedes enviarnos alguna foto.<\/p>\n<p><strong>\u00bfCu\u00e1ndo recibir\u00e9 el ingreso de una devoluci\u00f3n?<\/strong><\/p>\n<p>Una vez recibida la devoluci\u00f3n el equipo de El Armario proceder\u00e1 a la revisi\u00f3n del mismo. Si no hay ning\u00fan problema en el plazo de 10 d\u00edas como m\u00e1ximo recibir\u00e1s el ingreso de la devoluci\u00f3n. No olvides a\u00f1adir tus datos para que podamos contactar contigo.<\/p>\n","protected":false},"excerpt":{"rendered":"<p>\u00bfC\u00f3mo puedo devolver un art\u00edculo? Puedes devolver tus prendas en nuestro local de Pozuelo (Camino de las Huertas, 18 1\u00aaplanta , 28223 Pozuelo de Alarc\u00f3n) o mandarnos el pedido a esta misma direcci\u00f3n. Es muy importante que nos env\u00edes las prendas que quieras devolver en una caja o sobre bien [&hellip;]<\/p>\n","protected":false},"author":1,"featured_media":0,"parent":0,"menu_order":0,"comment_status":"closed","ping_status":"closed","template":"","meta":{"footnotes":""},"class_list":["post-11","page","type-page","status-publish","hentry"],"_links":{"self":[{"href":"https:\/\/elarmariodemisamigas.com\/index.php\/wp-json\/wp\/v2\/pages\/11","targetHints":{"allow":["GET"]}}],"collection":[{"href":"https:\/\/elarmariodemisamigas.com\/index.php\/wp-json\/wp\/v2\/pages"}],"about":[{"href":"https:\/\/elarmariodemisamigas.com\/index.php\/wp-json\/wp\/v2\/types\/page"}],"author":[{"embeddable":true,"href":"https:\/\/elarmariodemisamigas.com\/index.php\/wp-json\/wp\/v2\/users\/1"}],"replies":[{"embeddable":true,"href":"https:\/\/elarmariodemisamigas.com\/index.php\/wp-json\/wp\/v2\/comments?post=11"}],"version-history":[{"count":6,"href":"https:\/\/elarmariodemisamigas.com\/index.php\/wp-json\/wp\/v2\/pages\/11\/revisions"}],"predecessor-version":[{"id":4311,"href":"https:\/\/elarmariodemisamigas.com\/index.php\/wp-json\/wp\/v2\/pages\/11\/revisions\/4311"}],"wp:attachment":[{"href":"https:\/\/elarmariodemisamigas.com\/index.php\/wp-json\/wp\/v2\/media?parent=11"}],"curies":[{"name":"wp","href":"https:\/\/api.w.org\/{rel}","templated":true}]}}