{"id":2,"date":"2024-04-20T10:49:04","date_gmt":"2024-04-20T10:49:04","guid":{"rendered":"https:\/\/elarmariodemisamigas.com\/?page_id=2"},"modified":"2024-10-02T17:45:03","modified_gmt":"2024-10-02T17:45:03","slug":"sobre-nosotras","status":"publish","type":"page","link":"https:\/\/elarmariodemisamigas.com\/index.php\/sobre-nosotras\/","title":{"rendered":"Sobre nosotras"},"content":{"rendered":"<div class=\"wpb-content-wrapper\">[vc_row][vc_column][vc_row_inner][vc_column_inner animation=\u00bbanimation bottom-to-top\u00bb][\/vc_column_inner][\/vc_row_inner][\/vc_column][\/vc_row][vc_row et_column_align=\u00bbalign-center\u00bb css=\u00bb.vc_custom_1579121915525{padding-top: 40px !important;padding-bottom: 40px !important;}\u00bb][vc_column animation=\u00bbanimation bottom-to-top\u00bb offset=\u00bbvc_col-lg-8&#8243;][vc_row_inner et_column_align=\u00bbalign-center\u00bb][vc_column_inner width=\u00bb1\/2&#8243;][vc_column_text]\n<h2>NUESTRO COMPROMISO<\/h2>\n<p>En El Armario de Mis Amigas, tenemos un objetivo claro: hacer de la compra de prendas de segunda mano una opci\u00f3n real y atractiva para todos los consumidores. Cada a\u00f1o, se producen millones de toneladas de ropa nueva en el mundo, mientras que muchas prendas perfectamente utilizables terminan desechadas. Al reutilizar lo que ya tenemos, no solo ayudamos al planeta, sino que tambi\u00e9n fomentamos un consumo m\u00e1s consciente y sostenible.[\/vc_column_text][\/vc_column_inner][vc_column_inner width=\u00bb1\/2&#8243;]\t<div class=\"et-image-955 et-image aligncenter    et_image_link\">\n\t\t<div class=\"et-image-inner animation bottom-to-top\">\n\t\t\t\t\t\t\t<div class=\"et-image-thumb \">\n\t\t\t\t\t<img loading=\"lazy\" decoding=\"async\" width=\"1600\" height=\"984\" src=\"https:\/\/elarmariodemisamigas.com\/wp-content\/uploads\/2024\/10\/WhatsApp-Image-2024-09-20-at-11.46.08.jpeg\" class=\"attachment-full\" alt=\"\" title=\"WhatsApp Image 2024-09-20 at 11.46.08\" srcset=\"https:\/\/elarmariodemisamigas.com\/wp-content\/uploads\/2024\/10\/WhatsApp-Image-2024-09-20-at-11.46.08.jpeg 1600w, https:\/\/elarmariodemisamigas.com\/wp-content\/uploads\/2024\/10\/WhatsApp-Image-2024-09-20-at-11.46.08-300x185.jpeg 300w, https:\/\/elarmariodemisamigas.com\/wp-content\/uploads\/2024\/10\/WhatsApp-Image-2024-09-20-at-11.46.08-1024x630.jpeg 1024w, https:\/\/elarmariodemisamigas.com\/wp-content\/uploads\/2024\/10\/WhatsApp-Image-2024-09-20-at-11.46.08-768x472.jpeg 768w, https:\/\/elarmariodemisamigas.com\/wp-content\/uploads\/2024\/10\/WhatsApp-Image-2024-09-20-at-11.46.08-1536x945.jpeg 1536w, https:\/\/elarmariodemisamigas.com\/wp-content\/uploads\/2024\/10\/WhatsApp-Image-2024-09-20-at-11.46.08-150x92.jpeg 150w, https:\/\/elarmariodemisamigas.com\/wp-content\/uploads\/2024\/10\/WhatsApp-Image-2024-09-20-at-11.46.08-450x277.jpeg 450w, https:\/\/elarmariodemisamigas.com\/wp-content\/uploads\/2024\/10\/WhatsApp-Image-2024-09-20-at-11.46.08-900x554.jpeg 900w\" sizes=\"auto, (max-width: 1600px) 100vw, 1600px\" \/>\t\t\t\t<\/div>\n\t\t\t\t\t\t\t\t\t\t\t<\/div>\n\t<\/div>\n  [\/vc_column_inner][\/vc_row_inner][vc_column_text]\n<h2>CON\u00d3CENOS<\/h2>\n<p>Somos un equipo de tres mujeres, madres y apasionadas por ser parte del cambio hacia un futuro m\u00e1s sostenible. Queremos compartir contigo nuestra historia y nuestra misi\u00f3n.<\/p>\n<p>Mar\u00eda Viajera y promotora de la idea detr\u00e1s de El Armario de Mis Amigas. Tras vivir varios a\u00f1os fuera de Espa\u00f1a, al regresar, decidi\u00f3 poner en marcha este proyecto. \u00abHe vivido tiempo fuera de Espa\u00f1a y fue al volver cuando decid\u00ed crear El Armario de Mis Amigas. Conf\u00edo que con el tiempo aqu\u00ed tambi\u00e9n nos daremos cuenta que comprar segunda mano no es sin\u00f3nimo de necesidad econ\u00f3mica, es una necesidad para el planeta\u00bb.<\/p>\n<p>Susana Apasionada de la moda y experta en productos. \u00bb Me encargo de la relaci\u00f3n con nuestras clientas depositarias y de captar nuevas clientas que quieran unirse a nuestra comunidad. Adem\u00e1s, aseguro que cada prenda que llega a nuestro armario cumpla con los m\u00e1s altos est\u00e1ndares de calidad y estilo. Juntas, podemos hacer una gran diferencia para el planeta\u00bb.<\/p>\n<p>Pilar Con un don innato para las relaciones humanas y el comercio, Pilar es nuestra responsable del showroom, de las ventas y de la relaci\u00f3n con el cliente final. \u00abPara m\u00ed, cada cliente es especial. Me encanta recibirlos en nuestro showroom, ayudarlos a encontrar las prendas perfectas y construir relaciones duraderas. Soy la cara visible de El Armario de Mis Amigas en redes sociales, compartiendo las \u00faltimas novedades y estilos. Mi objetivo es hacer que cada persona se sienta parte de nuestra comunidad y mostrar que juntos podemos hacer del mundo un lugar m\u00e1s sostenible y humano.\u00bb[\/vc_column_text][vc_column_text]\n<h2>\u00daNETE A NOSOTRAS<\/h2>\n<p>Te invitamos a unirte a nuestra misi\u00f3n de dar una segunda vida a la ropa. Juntas, podemos hacer una gran diferencia. Cada prenda de segunda mano que eliges es un paso m\u00e1s hacia un futuro m\u00e1s sostenible y consciente. \u00a1Gracias por ser parte del cambio![\/vc_column_text][\/vc_column][\/vc_row]\n<\/div>","protected":false},"excerpt":{"rendered":"<p>[vc_row][vc_column][vc_row_inner][vc_column_inner animation=\u00bbanimation bottom-to-top\u00bb][\/vc_column_inner][\/vc_row_inner][\/vc_column][\/vc_row][vc_row et_column_align=\u00bbalign-center\u00bb css=\u00bb.vc_custom_1579121915525{padding-top: 40px !important;padding-bottom: 40px !important;}\u00bb][vc_column animation=\u00bbanimation bottom-to-top\u00bb offset=\u00bbvc_col-lg-8&#8243;][vc_row_inner et_column_align=\u00bbalign-center\u00bb][vc_column_inner width=\u00bb1\/2&#8243;][vc_column_text] NUESTRO COMPROMISO En El Armario de Mis Amigas, tenemos un objetivo claro: hacer de la compra de prendas de segunda mano una opci\u00f3n real y atractiva para todos los consumidores. Cada a\u00f1o, se producen millones de [&hellip;]<\/p>\n","protected":false},"author":1,"featured_media":0,"parent":0,"menu_order":0,"comment_status":"closed","ping_status":"closed","template":"","meta":{"footnotes":""},"class_list":["post-2","page","type-page","status-publish","hentry"],"_links":{"self":[{"href":"https:\/\/elarmariodemisamigas.com\/index.php\/wp-json\/wp\/v2\/pages\/2","targetHints":{"allow":["GET"]}}],"collection":[{"href":"https:\/\/elarmariodemisamigas.com\/index.php\/wp-json\/wp\/v2\/pages"}],"about":[{"href":"https:\/\/elarmariodemisamigas.com\/index.php\/wp-json\/wp\/v2\/types\/page"}],"author":[{"embeddable":true,"href":"https:\/\/elarmariodemisamigas.com\/index.php\/wp-json\/wp\/v2\/users\/1"}],"replies":[{"embeddable":true,"href":"https:\/\/elarmariodemisamigas.com\/index.php\/wp-json\/wp\/v2\/comments?post=2"}],"version-history":[{"count":18,"href":"https:\/\/elarmariodemisamigas.com\/index.php\/wp-json\/wp\/v2\/pages\/2\/revisions"}],"predecessor-version":[{"id":4215,"href":"https:\/\/elarmariodemisamigas.com\/index.php\/wp-json\/wp\/v2\/pages\/2\/revisions\/4215"}],"wp:attachment":[{"href":"https:\/\/elarmariodemisamigas.com\/index.php\/wp-json\/wp\/v2\/media?parent=2"}],"curies":[{"name":"wp","href":"https:\/\/api.w.org\/{rel}","templated":true}]}}