{"id":4312,"date":"2024-10-16T09:12:40","date_gmt":"2024-10-16T09:12:40","guid":{"rendered":"https:\/\/elarmariodemisamigas.com\/?page_id=4312"},"modified":"2024-10-16T09:12:40","modified_gmt":"2024-10-16T09:12:40","slug":"compras","status":"publish","type":"page","link":"https:\/\/elarmariodemisamigas.com\/index.php\/compras\/","title":{"rendered":"Compras"},"content":{"rendered":"<p><strong>\u00bfCu\u00e1ndo recibir\u00e1s tu compra?<\/strong><\/p>\n<p>Los plazos de entrega se contabilizan desde que verificamos el pago de tu compra.\u00a0 El Armario de Mis Amigas realiza sus env\u00edos a traves de correos pero si deseas otro tipo de env\u00edo no hay ning\u00fan problema, contacta con el equipo y lo organizaremos. 24h, env\u00edos internacionales, lo que necesites. <a href=\"mailto:info@elarmariodemisamigas.com\" target=\"_blank\" rel=\"noopener\">info@elarmariodemisamigas.com<\/a><\/p>\n","protected":false},"excerpt":{"rendered":"<p>\u00bfCu\u00e1ndo recibir\u00e1s tu compra? Los plazos de entrega se contabilizan desde que verificamos el pago de tu compra.\u00a0 El Armario de Mis Amigas realiza sus env\u00edos a traves de correos pero si deseas otro tipo de env\u00edo no hay ning\u00fan problema, contacta con el equipo y lo organizaremos. 24h, env\u00edos [&hellip;]<\/p>\n","protected":false},"author":1,"featured_media":0,"parent":0,"menu_order":0,"comment_status":"closed","ping_status":"closed","template":"","meta":{"footnotes":""},"class_list":["post-4312","page","type-page","status-publish","hentry"],"_links":{"self":[{"href":"https:\/\/elarmariodemisamigas.com\/index.php\/wp-json\/wp\/v2\/pages\/4312","targetHints":{"allow":["GET"]}}],"collection":[{"href":"https:\/\/elarmariodemisamigas.com\/index.php\/wp-json\/wp\/v2\/pages"}],"about":[{"href":"https:\/\/elarmariodemisamigas.com\/index.php\/wp-json\/wp\/v2\/types\/page"}],"author":[{"embeddable":true,"href":"https:\/\/elarmariodemisamigas.com\/index.php\/wp-json\/wp\/v2\/users\/1"}],"replies":[{"embeddable":true,"href":"https:\/\/elarmariodemisamigas.com\/index.php\/wp-json\/wp\/v2\/comments?post=4312"}],"version-history":[{"count":1,"href":"https:\/\/elarmariodemisamigas.com\/index.php\/wp-json\/wp\/v2\/pages\/4312\/revisions"}],"predecessor-version":[{"id":4313,"href":"https:\/\/elarmariodemisamigas.com\/index.php\/wp-json\/wp\/v2\/pages\/4312\/revisions\/4313"}],"wp:attachment":[{"href":"https:\/\/elarmariodemisamigas.com\/index.php\/wp-json\/wp\/v2\/media?parent=4312"}],"curies":[{"name":"wp","href":"https:\/\/api.w.org\/{rel}","templated":true}]}}