{"id":72,"date":"2019-03-17T17:19:40","date_gmt":"2019-03-17T17:19:40","guid":{"rendered":"https:\/\/goya.everthemes.com\/demo-fashion\/?page_id=72"},"modified":"2024-10-04T08:23:24","modified_gmt":"2024-10-04T08:23:24","slug":"terms-conditions","status":"publish","type":"page","link":"https:\/\/elarmariodemisamigas.com\/index.php\/terms-conditions\/","title":{"rendered":"Condiciones de venta"},"content":{"rendered":"<p><strong>\u00bfC\u00f3mo puedo devolver un art\u00edculo?<\/strong><br \/>Puedes devolver tus prendas en nuestro local de Pozuelo (Camino de las Huertas, 18 1\u00aaplanta , 28223 Pozuelo de Alarc\u00f3n) o mandarnos el pedido a esta misma direcci\u00f3n.<br \/>Es muy importante que nos env\u00edes las prendas que quieras devolver en una caja o sobre bien cerrado y muy bien precintado para evitar que se pueda da\u00f1ar alg\u00fan art\u00edculo.<br \/>Todos los art\u00edculos deben de llevar la etiqueta con su c\u00f3digo correspondiente.<\/p>\r\n<p><strong>\u00bfCu\u00e1l es el plazo para poder realizar una devoluci\u00f3n?<\/strong><br \/>Puedes devolver cualquier prenda (salvo ropa interior, vestidos de fiesta, bolsos y gafas) dentro de un plazo de 14 d\u00edas desde que realizas o recibes el pedido, plazo en el que deber\u00edamos recibir el paquete con las prendas.<\/p>\r\n<p><strong>\u00bfC\u00f3mo tengo que devolver la prenda?<\/strong><br \/>La prenda tiene que estar en las mismas condiciones de compra y con la etiqueta puesta en la prenda.<\/p>\r\n<p><strong>\u00bfTengo que pagar algo por mi devoluci\u00f3n?<\/strong><br \/>En\u00a0el caso de que devuelvas un producto por mensajer\u00eda, deber\u00e1s abonar los gastos de env\u00edo derivados de la devoluci\u00f3n. Puedes elegir la empresa de transporte que prefieras para hacernos llegar las prendas.<br \/>En el caso de env\u00edo de articulo defectuosos, nosotros nos hacemos cargo de los gastos de la devoluci\u00f3n.<\/p>","protected":false},"excerpt":{"rendered":"<p>\u00bfC\u00f3mo puedo devolver un art\u00edculo?Puedes devolver tus prendas en nuestro local de Pozuelo (Camino de las Huertas, 18 1\u00aaplanta , 28223 Pozuelo de Alarc\u00f3n) o mandarnos el pedido a esta misma direcci\u00f3n.Es muy importante que nos env\u00edes las prendas que quieras devolver en una caja o sobre bien cerrado y [&hellip;]<\/p>\n","protected":false},"author":1,"featured_media":0,"parent":0,"menu_order":0,"comment_status":"closed","ping_status":"closed","template":"","meta":{"footnotes":""},"class_list":["post-72","page","type-page","status-publish","hentry"],"_links":{"self":[{"href":"https:\/\/elarmariodemisamigas.com\/index.php\/wp-json\/wp\/v2\/pages\/72","targetHints":{"allow":["GET"]}}],"collection":[{"href":"https:\/\/elarmariodemisamigas.com\/index.php\/wp-json\/wp\/v2\/pages"}],"about":[{"href":"https:\/\/elarmariodemisamigas.com\/index.php\/wp-json\/wp\/v2\/types\/page"}],"author":[{"embeddable":true,"href":"https:\/\/elarmariodemisamigas.com\/index.php\/wp-json\/wp\/v2\/users\/1"}],"replies":[{"embeddable":true,"href":"https:\/\/elarmariodemisamigas.com\/index.php\/wp-json\/wp\/v2\/comments?post=72"}],"version-history":[{"count":2,"href":"https:\/\/elarmariodemisamigas.com\/index.php\/wp-json\/wp\/v2\/pages\/72\/revisions"}],"predecessor-version":[{"id":4232,"href":"https:\/\/elarmariodemisamigas.com\/index.php\/wp-json\/wp\/v2\/pages\/72\/revisions\/4232"}],"wp:attachment":[{"href":"https:\/\/elarmariodemisamigas.com\/index.php\/wp-json\/wp\/v2\/media?parent=72"}],"curies":[{"name":"wp","href":"https:\/\/api.w.org\/{rel}","templated":true}]}}